{"id":3797,"date":"2024-01-03T16:40:00","date_gmt":"2024-01-03T15:40:00","guid":{"rendered":"https:\/\/xaendi.ch\/wordpress\/?page_id=3797"},"modified":"2024-01-03T16:54:51","modified_gmt":"2024-01-03T15:54:51","slug":"impressum","status":"publish","type":"page","link":"https:\/\/xaendi.ch\/wordpress\/?page_id=3797","title":{"rendered":"Impressum"},"content":{"rendered":"\n<div class=\"wp-block-media-text alignwide is-stacked-on-mobile\"><figure class=\"wp-block-media-text__media\"><img loading=\"lazy\" decoding=\"async\" width=\"796\" height=\"811\" src=\"https:\/\/xaendi.ch\/wordpress\/wp-content\/uploads\/2024\/01\/2023-05-13-Pruefung-M1-bestanden.jpeg\" alt=\"\" class=\"wp-image-3801 size-full\" srcset=\"https:\/\/xaendi.ch\/wordpress\/wp-content\/uploads\/2024\/01\/2023-05-13-Pruefung-M1-bestanden.jpeg 796w, https:\/\/xaendi.ch\/wordpress\/wp-content\/uploads\/2024\/01\/2023-05-13-Pruefung-M1-bestanden-294x300.jpeg 294w, https:\/\/xaendi.ch\/wordpress\/wp-content\/uploads\/2024\/01\/2023-05-13-Pruefung-M1-bestanden-768x782.jpeg 768w\" sizes=\"auto, (max-width: 796px) 85vw, 796px\" \/><\/figure><div class=\"wp-block-media-text__content\">\n<p>Ursula K\u00fcbler<br><br>Dorfstrasse 37<br>CH-9054 Haslen AI<br>Schweiz<\/p>\n\n\n\n<p>Email: <a href=\"ursula@xaendi.ch\" target=\"_blank\" rel=\"noreferrer noopener nofollow\">ursula@xaendi.ch<\/a><\/p>\n<\/div><\/div>\n\n\n\n<p><br><\/p>\n\n\n\n<p> <\/p>\n\n\n\n<p><strong>Kleingedrucktes:<\/strong><\/p>\n\n\n\n<p>S\u00e4mtliche Texte, Fotos und Grafiken in diesem Blog sind &#8211; soweit nicht anderweitig gekennzeichnet &#8211; urheberrechtlich gesch\u00fctzte Werke des jeweiligen Autors bzw. der Autorin.<\/p>\n\n\n\n<p>Da es f\u00fcr X\u00e4ndi nicht so einfach w\u00e4re, ihre Texte f\u00fcr alle leserlich zu hinterlegen, \u00fcbernehme ich diese Funktion. Nat\u00fcrlich immer in Absprache mit ihr \ud83d\ude09.<\/p>\n","protected":false},"excerpt":{"rendered":"<p>Ursula K\u00fcbler Dorfstrasse 37CH-9054 Haslen AISchweiz Email: ursula@xaendi.ch Kleingedrucktes: S\u00e4mtliche Texte, Fotos und Grafiken in diesem Blog sind &#8211; soweit nicht anderweitig gekennzeichnet &#8211; urheberrechtlich gesch\u00fctzte Werke des jeweiligen Autors bzw. der Autorin. Da es f\u00fcr X\u00e4ndi nicht so einfach w\u00e4re, ihre Texte f\u00fcr alle leserlich zu hinterlegen, \u00fcbernehme ich diese Funktion. Nat\u00fcrlich immer in &hellip; <a href=\"https:\/\/xaendi.ch\/wordpress\/?page_id=3797\" class=\"more-link\"><span class=\"screen-reader-text\">&#8220;Impressum&#8221; <\/span>weiterlesen<\/a><\/p>\n","protected":false},"author":1,"featured_media":0,"parent":0,"menu_order":0,"comment_status":"closed","ping_status":"closed","template":"","meta":{"_stc_notifier_status":"","_stc_notifier_sent_time":"","_stc_notifier_request":false,"_stc_notifier_prevent":false,"_stc_subscriber_keywords":"","_stc_subscriber_search_areas":"","footnotes":""},"class_list":["post-3797","page","type-page","status-publish","hentry"],"_links":{"self":[{"href":"https:\/\/xaendi.ch\/wordpress\/index.php?rest_route=\/wp\/v2\/pages\/3797","targetHints":{"allow":["GET"]}}],"collection":[{"href":"https:\/\/xaendi.ch\/wordpress\/index.php?rest_route=\/wp\/v2\/pages"}],"about":[{"href":"https:\/\/xaendi.ch\/wordpress\/index.php?rest_route=\/wp\/v2\/types\/page"}],"author":[{"embeddable":true,"href":"https:\/\/xaendi.ch\/wordpress\/index.php?rest_route=\/wp\/v2\/users\/1"}],"replies":[{"embeddable":true,"href":"https:\/\/xaendi.ch\/wordpress\/index.php?rest_route=%2Fwp%2Fv2%2Fcomments&post=3797"}],"version-history":[{"count":4,"href":"https:\/\/xaendi.ch\/wordpress\/index.php?rest_route=\/wp\/v2\/pages\/3797\/revisions"}],"predecessor-version":[{"id":3807,"href":"https:\/\/xaendi.ch\/wordpress\/index.php?rest_route=\/wp\/v2\/pages\/3797\/revisions\/3807"}],"wp:attachment":[{"href":"https:\/\/xaendi.ch\/wordpress\/index.php?rest_route=%2Fwp%2Fv2%2Fmedia&parent=3797"}],"curies":[{"name":"wp","href":"https:\/\/api.w.org\/{rel}","templated":true}]}}